{"id":6199,"date":"2025-06-21T19:02:42","date_gmt":"2025-06-21T19:02:42","guid":{"rendered":"https:\/\/anka.wpenginepowered.com\/page-dexemple\/"},"modified":"2025-08-06T19:40:44","modified_gmt":"2025-08-06T19:40:44","slug":"page-dexemple","status":"publish","type":"page","link":"https:\/\/ankacostablanca.com\/fr\/page-dexemple\/","title":{"rendered":"Page d&#8217;exemple"},"content":{"rendered":"\n<p>Ceci est une page d&#8217;exemple. Elle est diff\u00e9rente d&#8217;un article de blog car elle restera \u00e0 un seul endroit et appara\u00eetra dans la navigation de votre site (dans la plupart des th\u00e8mes). La plupart des gens commencent par une page \u00ab \u00c0 propos \u00bb qui les pr\u00e9sente aux visiteurs potentiels du site. Cela pourrait ressembler \u00e0 ceci :<\/p>\n\n<blockquote class=\"wp-block-quote is-layout-flow wp-block-quote-is-layout-flow\"><p>Bonjour ! Je suis coursier \u00e0 v\u00e9lo le jour, acteur en herbe la nuit, et ceci est mon site web. Je vis \u00e0 Los Angeles, j&#8217;ai un super chien nomm\u00e9 Jack, et j&#8217;aime les pi\u00f1a coladas. (Et me faire surprendre par la pluie.)<\/p><\/blockquote>\n\n<p>&#8230;ou quelque chose comme ceci :<\/p>\n\n<blockquote class=\"wp-block-quote is-layout-flow wp-block-quote-is-layout-flow\"><p>La soci\u00e9t\u00e9 XYZ Doohickey a \u00e9t\u00e9 fond\u00e9e en 1971 et fournit depuis des gadgets de qualit\u00e9 au public. Situ\u00e9e \u00e0 Gotham City, XYZ emploie plus de 2 000 personnes et fait toutes sortes de choses formidables pour la communaut\u00e9 de Gotham.<\/p><\/blockquote>\n\n<p>En tant que nouvel utilisateur de WordPress, vous devriez aller sur <a href=\"https:\/\/ankacostablanca.com\/wp-admin\/\">votre tableau de bord<\/a> pour supprimer cette page et cr\u00e9er de nouvelles pages pour votre contenu. Amusez-vous bien !<\/p>\n","protected":false},"excerpt":{"rendered":"<p>Ceci est une page d&#8217;exemple. Elle est diff\u00e9rente d&#8217;un article de blog car elle restera \u00e0 un seul endroit et appara\u00eetra dans la navigation de votre site (dans la plupart des th\u00e8mes). La plupart des gens commencent par une page \u00ab \u00c0 propos \u00bb qui les pr\u00e9sente aux visiteurs potentiels du site. Cela pourrait ressembler [&hellip;]<\/p>\n","protected":false},"author":1,"featured_media":0,"parent":0,"menu_order":43,"comment_status":"closed","ping_status":"open","template":"","meta":{"content-type":"","om_disable_all_campaigns":false,"_monsterinsights_skip_tracking":false,"_monsterinsights_sitenote_active":false,"_monsterinsights_sitenote_note":"","_monsterinsights_sitenote_category":0,"footnotes":""},"class_list":["post-6199","page","type-page","status-publish","hentry"],"yoast_head":"<!-- This site is optimized with the Yoast SEO plugin v25.7 - https:\/\/yoast.com\/wordpress\/plugins\/seo\/ -->\n<title>Page d&#039;exemple - Anka Property Costa Blanca<\/title>\n<meta name=\"robots\" content=\"index, follow, max-snippet:-1, max-image-preview:large, max-video-preview:-1\" \/>\n<link rel=\"canonical\" href=\"https:\/\/ankacostablanca.com\/fr\/page-dexemple\/\" \/>\n<meta property=\"og:locale\" content=\"fr_FR\" \/>\n<meta property=\"og:type\" content=\"article\" \/>\n<meta property=\"og:title\" content=\"Page d&#039;exemple - Anka Property Costa Blanca\" \/>\n<meta property=\"og:description\" content=\"Ceci est une page d&#8217;exemple. Elle est diff\u00e9rente d&#8217;un article de blog car elle restera \u00e0 un seul endroit et appara\u00eetra dans la navigation de votre site (dans la plupart des th\u00e8mes). La plupart des gens commencent par une page \u00ab \u00c0 propos \u00bb qui les pr\u00e9sente aux visiteurs potentiels du site. Cela pourrait ressembler [&hellip;]\" \/>\n<meta property=\"og:url\" content=\"https:\/\/ankacostablanca.com\/fr\/page-dexemple\/\" \/>\n<meta property=\"og:site_name\" content=\"Anka Property Costa Blanca\" \/>\n<meta property=\"article:publisher\" content=\"https:\/\/www.facebook.com\/profile.php?id=100087336165390\" \/>\n<meta property=\"article:modified_time\" content=\"2025-08-06T19:40:44+00:00\" \/>\n<meta property=\"og:image\" content=\"https:\/\/ankacostablanca.com\/wp-content\/uploads\/2025\/08\/Untitled-design-scaled.png\" \/>\n\t<meta property=\"og:image:width\" content=\"2560\" \/>\n\t<meta property=\"og:image:height\" content=\"2560\" \/>\n\t<meta property=\"og:image:type\" content=\"image\/png\" \/>\n<meta name=\"twitter:card\" content=\"summary_large_image\" \/>\n<meta name=\"twitter:label1\" content=\"Est. reading time\" \/>\n\t<meta name=\"twitter:data1\" content=\"1 minute\" \/>\n<script type=\"application\/ld+json\" class=\"yoast-schema-graph\">{\"@context\":\"https:\/\/schema.org\",\"@graph\":[{\"@type\":\"WebPage\",\"@id\":\"https:\/\/ankacostablanca.com\/fr\/page-dexemple\/\",\"url\":\"https:\/\/ankacostablanca.com\/fr\/page-dexemple\/\",\"name\":\"Page d'exemple - Anka Property Costa Blanca\",\"isPartOf\":{\"@id\":\"https:\/\/ankacostablanca.com\/#website\"},\"datePublished\":\"2025-06-21T19:02:42+00:00\",\"dateModified\":\"2025-08-06T19:40:44+00:00\",\"breadcrumb\":{\"@id\":\"https:\/\/ankacostablanca.com\/fr\/page-dexemple\/#breadcrumb\"},\"inLanguage\":\"fr-FR\",\"potentialAction\":[{\"@type\":\"ReadAction\",\"target\":[\"https:\/\/ankacostablanca.com\/fr\/page-dexemple\/\"]}]},{\"@type\":\"BreadcrumbList\",\"@id\":\"https:\/\/ankacostablanca.com\/fr\/page-dexemple\/#breadcrumb\",\"itemListElement\":[{\"@type\":\"ListItem\",\"position\":1,\"name\":\"Home\",\"item\":\"https:\/\/ankacostablanca.com\/fr\/\"},{\"@type\":\"ListItem\",\"position\":2,\"name\":\"Page d&#8217;exemple\"}]},{\"@type\":\"WebSite\",\"@id\":\"https:\/\/ankacostablanca.com\/#website\",\"url\":\"https:\/\/ankacostablanca.com\/\",\"name\":\"Anka Property Costa Blanca\",\"description\":\"Anka Property Costa Blanca- buy a house in Spain. Cheap Spanish properties\",\"publisher\":{\"@id\":\"https:\/\/ankacostablanca.com\/#organization\"},\"alternateName\":\"Anka Costa Blanca\",\"potentialAction\":[{\"@type\":\"SearchAction\",\"target\":{\"@type\":\"EntryPoint\",\"urlTemplate\":\"https:\/\/ankacostablanca.com\/?s={search_term_string}\"},\"query-input\":{\"@type\":\"PropertyValueSpecification\",\"valueRequired\":true,\"valueName\":\"search_term_string\"}}],\"inLanguage\":\"fr-FR\"},{\"@type\":\"Organization\",\"@id\":\"https:\/\/ankacostablanca.com\/#organization\",\"name\":\"Anka Property Costa Blanca\",\"alternateName\":\"Anka Costa Blanca\",\"url\":\"https:\/\/ankacostablanca.com\/\",\"logo\":{\"@type\":\"ImageObject\",\"inLanguage\":\"fr-FR\",\"@id\":\"https:\/\/ankacostablanca.com\/#\/schema\/logo\/image\/\",\"url\":\"https:\/\/ankacostablanca.com\/wp-content\/uploads\/2025\/08\/Untitled-design-scaled.png\",\"contentUrl\":\"https:\/\/ankacostablanca.com\/wp-content\/uploads\/2025\/08\/Untitled-design-scaled.png\",\"width\":2560,\"height\":2560,\"caption\":\"Anka Property Costa Blanca\"},\"image\":{\"@id\":\"https:\/\/ankacostablanca.com\/#\/schema\/logo\/image\/\"},\"sameAs\":[\"https:\/\/www.facebook.com\/profile.php?id=100087336165390\"]}]}<\/script>\n<!-- \/ Yoast SEO plugin. -->","yoast_head_json":{"title":"Page d'exemple - Anka Property Costa Blanca","robots":{"index":"index","follow":"follow","max-snippet":"max-snippet:-1","max-image-preview":"max-image-preview:large","max-video-preview":"max-video-preview:-1"},"canonical":"https:\/\/ankacostablanca.com\/fr\/page-dexemple\/","og_locale":"fr_FR","og_type":"article","og_title":"Page d'exemple - Anka Property Costa Blanca","og_description":"Ceci est une page d&#8217;exemple. Elle est diff\u00e9rente d&#8217;un article de blog car elle restera \u00e0 un seul endroit et appara\u00eetra dans la navigation de votre site (dans la plupart des th\u00e8mes). La plupart des gens commencent par une page \u00ab \u00c0 propos \u00bb qui les pr\u00e9sente aux visiteurs potentiels du site. Cela pourrait ressembler [&hellip;]","og_url":"https:\/\/ankacostablanca.com\/fr\/page-dexemple\/","og_site_name":"Anka Property Costa Blanca","article_publisher":"https:\/\/www.facebook.com\/profile.php?id=100087336165390","article_modified_time":"2025-08-06T19:40:44+00:00","og_image":[{"width":2560,"height":2560,"url":"https:\/\/ankacostablanca.com\/wp-content\/uploads\/2025\/08\/Untitled-design-scaled.png","type":"image\/png"}],"twitter_card":"summary_large_image","twitter_misc":{"Est. reading time":"1 minute"},"schema":{"@context":"https:\/\/schema.org","@graph":[{"@type":"WebPage","@id":"https:\/\/ankacostablanca.com\/fr\/page-dexemple\/","url":"https:\/\/ankacostablanca.com\/fr\/page-dexemple\/","name":"Page d'exemple - Anka Property Costa Blanca","isPartOf":{"@id":"https:\/\/ankacostablanca.com\/#website"},"datePublished":"2025-06-21T19:02:42+00:00","dateModified":"2025-08-06T19:40:44+00:00","breadcrumb":{"@id":"https:\/\/ankacostablanca.com\/fr\/page-dexemple\/#breadcrumb"},"inLanguage":"fr-FR","potentialAction":[{"@type":"ReadAction","target":["https:\/\/ankacostablanca.com\/fr\/page-dexemple\/"]}]},{"@type":"BreadcrumbList","@id":"https:\/\/ankacostablanca.com\/fr\/page-dexemple\/#breadcrumb","itemListElement":[{"@type":"ListItem","position":1,"name":"Home","item":"https:\/\/ankacostablanca.com\/fr\/"},{"@type":"ListItem","position":2,"name":"Page d&#8217;exemple"}]},{"@type":"WebSite","@id":"https:\/\/ankacostablanca.com\/#website","url":"https:\/\/ankacostablanca.com\/","name":"Anka Property Costa Blanca","description":"Anka Property Costa Blanca- buy a house in Spain. Cheap Spanish properties","publisher":{"@id":"https:\/\/ankacostablanca.com\/#organization"},"alternateName":"Anka Costa Blanca","potentialAction":[{"@type":"SearchAction","target":{"@type":"EntryPoint","urlTemplate":"https:\/\/ankacostablanca.com\/?s={search_term_string}"},"query-input":{"@type":"PropertyValueSpecification","valueRequired":true,"valueName":"search_term_string"}}],"inLanguage":"fr-FR"},{"@type":"Organization","@id":"https:\/\/ankacostablanca.com\/#organization","name":"Anka Property Costa Blanca","alternateName":"Anka Costa Blanca","url":"https:\/\/ankacostablanca.com\/","logo":{"@type":"ImageObject","inLanguage":"fr-FR","@id":"https:\/\/ankacostablanca.com\/#\/schema\/logo\/image\/","url":"https:\/\/ankacostablanca.com\/wp-content\/uploads\/2025\/08\/Untitled-design-scaled.png","contentUrl":"https:\/\/ankacostablanca.com\/wp-content\/uploads\/2025\/08\/Untitled-design-scaled.png","width":2560,"height":2560,"caption":"Anka Property Costa Blanca"},"image":{"@id":"https:\/\/ankacostablanca.com\/#\/schema\/logo\/image\/"},"sameAs":["https:\/\/www.facebook.com\/profile.php?id=100087336165390"]}]}},"featured_image_src":null,"featured_image_src_square":null,"_links":{"self":[{"href":"https:\/\/ankacostablanca.com\/fr\/wp-json\/wp\/v2\/pages\/6199","targetHints":{"allow":["GET"]}}],"collection":[{"href":"https:\/\/ankacostablanca.com\/fr\/wp-json\/wp\/v2\/pages"}],"about":[{"href":"https:\/\/ankacostablanca.com\/fr\/wp-json\/wp\/v2\/types\/page"}],"author":[{"embeddable":true,"href":"https:\/\/ankacostablanca.com\/fr\/wp-json\/wp\/v2\/users\/1"}],"replies":[{"embeddable":true,"href":"https:\/\/ankacostablanca.com\/fr\/wp-json\/wp\/v2\/comments?post=6199"}],"version-history":[{"count":0,"href":"https:\/\/ankacostablanca.com\/fr\/wp-json\/wp\/v2\/pages\/6199\/revisions"}],"wp:attachment":[{"href":"https:\/\/ankacostablanca.com\/fr\/wp-json\/wp\/v2\/media?parent=6199"}],"curies":[{"name":"wp","href":"https:\/\/api.w.org\/{rel}","templated":true}]}}